{"id":1363,"date":"2021-04-28T12:51:37","date_gmt":"2021-04-28T10:51:37","guid":{"rendered":"https:\/\/www.fidacta.com\/?page_id=1363"},"modified":"2022-04-11T18:37:48","modified_gmt":"2022-04-11T16:37:48","slug":"beitrage","status":"publish","type":"page","link":"https:\/\/www.fidacta.com\/en\/beitrage\/","title":{"rendered":"Beitrage"},"content":{"rendered":"<div data-elementor-type=\"wp-page\" data-elementor-id=\"1363\" class=\"elementor elementor-1363\">\n\t\t\t\t\t\t\t\t\t<section class=\"elementor-section elementor-top-section elementor-element elementor-element-34b7f39 elementor-section-boxed elementor-section-height-default elementor-section-height-default\" data-id=\"34b7f39\" data-element_type=\"section\">\n\t\t\t\t\t\t<div class=\"elementor-container elementor-column-gap-default\">\n\t\t\t\t\t<div class=\"elementor-column elementor-col-100 elementor-top-column elementor-element elementor-element-448f292\" data-id=\"448f292\" data-element_type=\"column\">\n\t\t\t<div class=\"elementor-widget-wrap elementor-element-populated\">\n\t\t\t\t\t\t\t\t<div class=\"elementor-element elementor-element-83f85f9 elementor-widget elementor-widget-heading\" data-id=\"83f85f9\" data-element_type=\"widget\" data-widget_type=\"heading.default\">\n\t\t\t\t<div class=\"elementor-widget-container\">\n\t\t\t<h1 class=\"elementor-heading-title elementor-size-large\">Beitr\u00e4ge<\/h1>\t\t<\/div>\n\t\t\t\t<\/div>\n\t\t\t\t\t<\/div>\n\t\t<\/div>\n\t\t\t\t\t\t\t<\/div>\n\t\t<\/section>\n\t\t\t\t<section class=\"elementor-section elementor-top-section elementor-element elementor-element-d53e935 elementor-section-boxed elementor-section-height-default elementor-section-height-default\" data-id=\"d53e935\" data-element_type=\"section\">\n\t\t\t\t\t\t<div class=\"elementor-container elementor-column-gap-default\">\n\t\t\t\t\t<div class=\"elementor-column elementor-col-100 elementor-top-column elementor-element elementor-element-adac92a\" data-id=\"adac92a\" data-element_type=\"column\">\n\t\t\t<div class=\"elementor-widget-wrap\">\n\t\t\t\t\t\t\t\t\t<\/div>\n\t\t<\/div>\n\t\t\t\t\t\t\t<\/div>\n\t\t<\/section>\n\t\t\t\t<section class=\"elementor-section elementor-top-section elementor-element elementor-element-50d9283 elementor-section-boxed elementor-section-height-default elementor-section-height-default\" data-id=\"50d9283\" data-element_type=\"section\">\n\t\t\t\t\t\t<div class=\"elementor-container elementor-column-gap-default\">\n\t\t\t\t\t<div class=\"elementor-column elementor-col-100 elementor-top-column elementor-element elementor-element-5219920\" data-id=\"5219920\" data-element_type=\"column\">\n\t\t\t<div class=\"elementor-widget-wrap elementor-element-populated\">\n\t\t\t\t\t\t\t\t<div class=\"elementor-element elementor-element-b8a2d56 elementor-grid-3 elementor-grid-tablet-2 elementor-grid-mobile-1 elementor-widget elementor-widget-elementor-blog-posts\" data-id=\"b8a2d56\" data-element_type=\"widget\" data-settings=\"{&quot;columns&quot;:&quot;3&quot;,&quot;columns_tablet&quot;:&quot;2&quot;,&quot;columns_mobile&quot;:&quot;1&quot;}\" data-widget_type=\"elementor-blog-posts.default\">\n\t\t\t\t<div class=\"elementor-widget-container\">\n\t\t\t\t\t<div class=\"wpcap-grid\">\n\t\t\t\t\t\t<div class=\"wpcap-grid-container elementor-grid wpcap-grid-desktop-3 wpcap-grid-tablet-2 wpcap-grid-mobile-1\">\n\n\t\t\t\t\n        <article id=\"post-1\" class=\"wpcap-post post-1 post type-post status-publish format-standard has-post-thumbnail hentry category-ifrs entry has-media\">\n         \n            <div class=\"post-grid-inner\">\n            \t\n            \t\t\t\t<div class=\"post-grid-thumbnail\">\n\t\t\t\t<a href=\"https:\/\/www.fidacta.com\/en\/2022\/04\/22\/ifrs15_vertragserfullungskosten\/\">\n\t\t\t\t\t<img width=\"530\" height=\"402\" src=\"https:\/\/www.fidacta.com\/wp-content\/uploads\/2021\/10\/IMG_5155_md.jpg\" class=\"attachment-full size-full wp-post-image\" alt=\"\" loading=\"lazy\" srcset=\"https:\/\/www.fidacta.com\/wp-content\/uploads\/2021\/10\/IMG_5155_md.jpg 530w, https:\/\/www.fidacta.com\/wp-content\/uploads\/2021\/10\/IMG_5155_md-300x228.jpg 300w, https:\/\/www.fidacta.com\/wp-content\/uploads\/2021\/10\/IMG_5155_md-16x12.jpg 16w, https:\/\/www.fidacta.com\/wp-content\/uploads\/2021\/10\/IMG_5155_md-150x114.jpg 150w\" sizes=\"(max-width: 530px) 100vw, 530px\" \/>\t\t\t\t<\/a>\n\t\t\t<\/div>\n        \n                <div class=\"post-grid-text-wrap\">\n               \t\t\t\t<h3 class=\"title\">\n\t\t\t<a href=\"https:\/\/www.fidacta.com\/en\/2022\/04\/22\/ifrs15_vertragserfullungskosten\/\">IFRS 15: Vertragserf\u00fcllungskosten<\/a>\n\t\t<\/h3>\n\t\t\t                \t                \t\t<div class=\"post-grid-excerpt\">\n\t\t\t<p>Kein einheitlicher Grundsatz, keine Kostenabgrenzung zur Margengl\u00e4ttung, zahlreiche offene Fragen&hellip;<\/p>\n\t\t<\/div>\n\t\t\t                \t\t<a class=\"read-more-btn\" href=\"https:\/\/www.fidacta.com\/en\/2022\/04\/22\/ifrs15_vertragserfullungskosten\/\">Weiterlesen<\/a>\n\t\t                <\/div>\n\n            <\/div><!-- .blog-inner -->\n           \n        <\/article>\n\n        \n        <article id=\"post-1411\" class=\"wpcap-post post-1411 post type-post status-publish format-standard has-post-thumbnail hentry category-treuhaender entry has-media\">\n         \n            <div class=\"post-grid-inner\">\n            \t\n            \t\t\t\t<div class=\"post-grid-thumbnail\">\n\t\t\t\t<a href=\"https:\/\/www.fidacta.com\/en\/2021\/12\/03\/historie-des-treuhaenders\/\">\n\t\t\t\t\t<img width=\"1536\" height=\"1152\" src=\"https:\/\/www.fidacta.com\/wp-content\/uploads\/2020\/04\/P1060946.jpg\" class=\"attachment-full size-full wp-post-image\" alt=\"\" loading=\"lazy\" srcset=\"https:\/\/www.fidacta.com\/wp-content\/uploads\/2020\/04\/P1060946.jpg 1536w, https:\/\/www.fidacta.com\/wp-content\/uploads\/2020\/04\/P1060946-300x225.jpg 300w, https:\/\/www.fidacta.com\/wp-content\/uploads\/2020\/04\/P1060946-1024x768.jpg 1024w, https:\/\/www.fidacta.com\/wp-content\/uploads\/2020\/04\/P1060946-768x576.jpg 768w, https:\/\/www.fidacta.com\/wp-content\/uploads\/2020\/04\/P1060946-16x12.jpg 16w, https:\/\/www.fidacta.com\/wp-content\/uploads\/2020\/04\/P1060946-150x113.jpg 150w\" sizes=\"(max-width: 1536px) 100vw, 1536px\" \/>\t\t\t\t<\/a>\n\t\t\t<\/div>\n        \n                <div class=\"post-grid-text-wrap\">\n               \t\t\t\t<h3 class=\"title\">\n\t\t\t<a href=\"https:\/\/www.fidacta.com\/en\/2021\/12\/03\/historie-des-treuhaenders\/\">Historie von Beitragsanpassungsklauseln<\/a>\n\t\t<\/h3>\n\t\t\t                \t                \t\t<div class=\"post-grid-excerpt\">\n\t\t\t<p>Von der Allgemeinen Haftpflicht-Versicherung (1965) \u00fcber die 80er Jahre (Kasko,&hellip;<\/p>\n\t\t<\/div>\n\t\t\t                \t\t<a class=\"read-more-btn\" href=\"https:\/\/www.fidacta.com\/en\/2021\/12\/03\/historie-des-treuhaenders\/\">Weiterlesen<\/a>\n\t\t                <\/div>\n\n            <\/div><!-- .blog-inner -->\n           \n        <\/article>\n\n        \n        <article id=\"post-4\" class=\"wpcap-post post-4 post type-post status-publish format-standard has-post-thumbnail hentry category-ifrs entry has-media\">\n         \n            <div class=\"post-grid-inner\">\n            \t\n            \t\t\t\t<div class=\"post-grid-thumbnail\">\n\t\t\t\t<a href=\"https:\/\/www.fidacta.com\/en\/2021\/10\/25\/guv-ausweis_und_ifrs_15\/\">\n\t\t\t\t\t<img width=\"530\" height=\"397\" src=\"https:\/\/www.fidacta.com\/wp-content\/uploads\/2022\/04\/IMG_3081b.jpg\" class=\"attachment-full size-full wp-post-image\" alt=\"\" loading=\"lazy\" srcset=\"https:\/\/www.fidacta.com\/wp-content\/uploads\/2022\/04\/IMG_3081b.jpg 530w, https:\/\/www.fidacta.com\/wp-content\/uploads\/2022\/04\/IMG_3081b-300x225.jpg 300w, https:\/\/www.fidacta.com\/wp-content\/uploads\/2022\/04\/IMG_3081b-16x12.jpg 16w, https:\/\/www.fidacta.com\/wp-content\/uploads\/2022\/04\/IMG_3081b-150x112.jpg 150w\" sizes=\"(max-width: 530px) 100vw, 530px\" \/>\t\t\t\t<\/a>\n\t\t\t<\/div>\n        \n                <div class=\"post-grid-text-wrap\">\n               \t\t\t\t<h3 class=\"title\">\n\t\t\t<a href=\"https:\/\/www.fidacta.com\/en\/2021\/10\/25\/guv-ausweis_und_ifrs_15\/\">IFRS 15: Ausweis der Erl\u00f6se in der GuV<\/a>\n\t\t<\/h3>\n\t\t\t                \t                \t\t<div class=\"post-grid-excerpt\">\n\t\t\t<p>IFRS15-Erl\u00f6se und Umsatzerl\u00f6se sind nicht identisch, z.B. Leasingerl\u00f6se oder Weiterbelastungen&hellip;<\/p>\n\t\t<\/div>\n\t\t\t                \t\t<a class=\"read-more-btn\" href=\"https:\/\/www.fidacta.com\/en\/2021\/10\/25\/guv-ausweis_und_ifrs_15\/\">Weiterlesen<\/a>\n\t\t                <\/div>\n\n            <\/div><!-- .blog-inner -->\n           \n        <\/article>\n\n        \n        <article id=\"post-2194\" class=\"wpcap-post post-2194 post type-post status-publish format-standard has-post-thumbnail hentry category-treuhaender entry has-media\">\n         \n            <div class=\"post-grid-inner\">\n            \t\n            \t\t\t\t<div class=\"post-grid-thumbnail\">\n\t\t\t\t<a href=\"https:\/\/www.fidacta.com\/en\/2020\/04\/29\/beitragsanpassung-in-der-schadenversicherung\/\">\n\t\t\t\t\t<img width=\"1536\" height=\"1152\" src=\"https:\/\/www.fidacta.com\/wp-content\/uploads\/2021\/04\/P1060976.jpg\" class=\"attachment-full size-full wp-post-image\" alt=\"\" loading=\"lazy\" srcset=\"https:\/\/www.fidacta.com\/wp-content\/uploads\/2021\/04\/P1060976.jpg 1536w, https:\/\/www.fidacta.com\/wp-content\/uploads\/2021\/04\/P1060976-300x225.jpg 300w, https:\/\/www.fidacta.com\/wp-content\/uploads\/2021\/04\/P1060976-1024x768.jpg 1024w, https:\/\/www.fidacta.com\/wp-content\/uploads\/2021\/04\/P1060976-768x576.jpg 768w, https:\/\/www.fidacta.com\/wp-content\/uploads\/2021\/04\/P1060976-16x12.jpg 16w, https:\/\/www.fidacta.com\/wp-content\/uploads\/2021\/04\/P1060976-150x113.jpg 150w, https:\/\/www.fidacta.com\/wp-content\/uploads\/2021\/04\/P1060976-1x1.jpg 1w, https:\/\/www.fidacta.com\/wp-content\/uploads\/2021\/04\/P1060976-373x280.jpg 373w\" sizes=\"(max-width: 1536px) 100vw, 1536px\" \/>\t\t\t\t<\/a>\n\t\t\t<\/div>\n        \n                <div class=\"post-grid-text-wrap\">\n               \t\t\t\t<h3 class=\"title\">\n\t\t\t<a href=\"https:\/\/www.fidacta.com\/en\/2020\/04\/29\/beitragsanpassung-in-der-schadenversicherung\/\">Beitragsanpassung in der Schadenversicherung<\/a>\n\t\t<\/h3>\n\t\t\t                \t                \t\t<div class=\"post-grid-excerpt\">\n\t\t\t<p>Gr\u00fcnde f\u00fcr Anpassungsklauseln, gesetzliche Regeln und Aufgaben eines unabh\u00e4ngigen Treuh\u00e4nders&hellip;<\/p>\n\t\t<\/div>\n\t\t\t                \t\t<a class=\"read-more-btn\" href=\"https:\/\/www.fidacta.com\/en\/2020\/04\/29\/beitragsanpassung-in-der-schadenversicherung\/\">Weiterlesen<\/a>\n\t\t                <\/div>\n\n            <\/div><!-- .blog-inner -->\n           \n        <\/article>\n\n        \n        <article id=\"post-1420\" class=\"wpcap-post post-1420 post type-post status-publish format-standard has-post-thumbnail hentry category-publikationen entry has-media\">\n         \n            <div class=\"post-grid-inner\">\n            \t\n            \t\t\t\t<div class=\"post-grid-thumbnail\">\n\t\t\t\t<a href=\"https:\/\/www.fidacta.com\/en\/2019\/08\/19\/eigene-publikationen\/\">\n\t\t\t\t\t<img width=\"1536\" height=\"1152\" src=\"https:\/\/www.fidacta.com\/wp-content\/uploads\/2021\/04\/P1060934.jpg\" class=\"attachment-full size-full wp-post-image\" alt=\"\" loading=\"lazy\" srcset=\"https:\/\/www.fidacta.com\/wp-content\/uploads\/2021\/04\/P1060934.jpg 1536w, https:\/\/www.fidacta.com\/wp-content\/uploads\/2021\/04\/P1060934-300x225.jpg 300w, https:\/\/www.fidacta.com\/wp-content\/uploads\/2021\/04\/P1060934-1024x768.jpg 1024w, https:\/\/www.fidacta.com\/wp-content\/uploads\/2021\/04\/P1060934-768x576.jpg 768w, https:\/\/www.fidacta.com\/wp-content\/uploads\/2021\/04\/P1060934-16x12.jpg 16w, https:\/\/www.fidacta.com\/wp-content\/uploads\/2021\/04\/P1060934-150x113.jpg 150w, https:\/\/www.fidacta.com\/wp-content\/uploads\/2021\/04\/P1060934-1x1.jpg 1w, https:\/\/www.fidacta.com\/wp-content\/uploads\/2021\/04\/P1060934-373x280.jpg 373w\" sizes=\"(max-width: 1536px) 100vw, 1536px\" \/>\t\t\t\t<\/a>\n\t\t\t<\/div>\n        \n                <div class=\"post-grid-text-wrap\">\n               \t\t\t\t<h3 class=\"title\">\n\t\t\t<a href=\"https:\/\/www.fidacta.com\/en\/2019\/08\/19\/eigene-publikationen\/\">Eigene Publikationen der Fidacta<\/a>\n\t\t<\/h3>\n\t\t\t                \t                \t\t<div class=\"post-grid-excerpt\">\n\t\t\t<p>Aus unserer fachlichen Arbeit sind die nachfolgend aufgef\u00fchrten Publikationen hervorgegangen:&hellip;<\/p>\n\t\t<\/div>\n\t\t\t                \t\t<a class=\"read-more-btn\" href=\"https:\/\/www.fidacta.com\/en\/2019\/08\/19\/eigene-publikationen\/\">Weiterlesen<\/a>\n\t\t                <\/div>\n\n            <\/div><!-- .blog-inner -->\n           \n        <\/article>\n\n        \n\t\t\t<\/div>\n\t\t<\/div>\n\t\t\t\t<\/div>\n\t\t\t\t<\/div>\n\t\t\t\t\t<\/div>\n\t\t<\/div>\n\t\t\t\t\t\t\t<\/div>\n\t\t<\/section>\n\t\t\t\t\t\t\t<\/div>","protected":false},"excerpt":{"rendered":"<p>Beitr\u00e4ge Beitragsanpassung in der Schadenversicherung Gr\u00fcnde f\u00fcr Anpassungsklauseln, gesetzliche Regeln und Aufgaben eines unabh\u00e4ngigen Treuh\u00e4nders&hellip; Weiterlesen GuV-Ausweis und IFRS 15 Fragestellungen Das Problem Lorem ipsum dolor sit amet, consetetur sadipscing&hellip; Weiterlesen Historie von Beitragsanpassungsklauseln Von der Allgemeinen Haftpflicht-Versicherung (1965) \u00fcber die 80er Jahre (Kasko,&hellip; Weiterlesen Eigene Publikationen Liste unserer Publikationen Weiterlesen IFRS 15: Auftragskosten Willkommen [&hellip;]<\/p>","protected":false},"author":1,"featured_media":0,"parent":0,"menu_order":0,"comment_status":"closed","ping_status":"closed","template":"","meta":[],"_links":{"self":[{"href":"https:\/\/www.fidacta.com\/en\/wp-json\/wp\/v2\/pages\/1363"}],"collection":[{"href":"https:\/\/www.fidacta.com\/en\/wp-json\/wp\/v2\/pages"}],"about":[{"href":"https:\/\/www.fidacta.com\/en\/wp-json\/wp\/v2\/types\/page"}],"author":[{"embeddable":true,"href":"https:\/\/www.fidacta.com\/en\/wp-json\/wp\/v2\/users\/1"}],"replies":[{"embeddable":true,"href":"https:\/\/www.fidacta.com\/en\/wp-json\/wp\/v2\/comments?post=1363"}],"version-history":[{"count":79,"href":"https:\/\/www.fidacta.com\/en\/wp-json\/wp\/v2\/pages\/1363\/revisions"}],"predecessor-version":[{"id":4598,"href":"https:\/\/www.fidacta.com\/en\/wp-json\/wp\/v2\/pages\/1363\/revisions\/4598"}],"wp:attachment":[{"href":"https:\/\/www.fidacta.com\/en\/wp-json\/wp\/v2\/media?parent=1363"}],"curies":[{"name":"wp","href":"https:\/\/api.w.org\/{rel}","templated":true}]}}