{"id":18,"date":"2021-03-13T17:31:39","date_gmt":"2021-03-13T16:31:39","guid":{"rendered":"https:\/\/www.fidacta.com\/?page_id=18"},"modified":"2024-10-04T17:11:32","modified_gmt":"2024-10-04T15:11:32","slug":"test","status":"publish","type":"page","link":"https:\/\/www.fidacta.com\/en\/","title":{"rendered":"Home"},"content":{"rendered":"<div data-elementor-type=\"wp-page\" data-elementor-id=\"18\" class=\"elementor elementor-18\">\n\t\t\t\t\t\t\t\t\t<section class=\"elementor-section elementor-top-section elementor-element elementor-element-a3c7349 elementor-section-full_width elementor-section-height-default elementor-section-height-default\" data-id=\"a3c7349\" data-element_type=\"section\" data-settings=\"{&quot;background_background&quot;:&quot;classic&quot;}\">\n\t\t\t\t\t\t<div class=\"elementor-container elementor-column-gap-default\">\n\t\t\t\t\t<div class=\"elementor-column elementor-col-100 elementor-top-column elementor-element elementor-element-c900c43\" data-id=\"c900c43\" data-element_type=\"column\">\n\t\t\t<div class=\"elementor-widget-wrap elementor-element-populated\">\n\t\t\t\t\t\t\t\t<div class=\"elementor-element elementor-element-de03c25 elementor-widget elementor-widget-text-editor\" data-id=\"de03c25\" data-element_type=\"widget\" data-widget_type=\"text-editor.default\">\n\t\t\t\t<div class=\"elementor-widget-container\">\n\t\t\t\t\t\t\t<strong><h1>Fidacta represents a long-standing and well established team of actuaries and registered auditors including experienced and professionally qualified staff members, combining the strengths of both professions for your benefit.<h1><\/strong>\t\t\t\t\t\t<\/div>\n\t\t\t\t<\/div>\n\t\t\t\t\t<\/div>\n\t\t<\/div>\n\t\t\t\t\t\t\t<\/div>\n\t\t<\/section>\n\t\t\t\t<section class=\"elementor-section elementor-top-section elementor-element elementor-element-52fe93e elementor-section-boxed elementor-section-height-default elementor-section-height-default\" data-id=\"52fe93e\" data-element_type=\"section\" data-settings=\"{&quot;background_background&quot;:&quot;classic&quot;}\">\n\t\t\t\t\t\t<div class=\"elementor-container elementor-column-gap-default\">\n\t\t\t\t\t<div class=\"elementor-column elementor-col-100 elementor-top-column elementor-element elementor-element-5403632\" data-id=\"5403632\" data-element_type=\"column\">\n\t\t\t<div class=\"elementor-widget-wrap elementor-element-populated\">\n\t\t\t\t\t\t\t\t<div class=\"elementor-element elementor-element-12cd6de elementor-widget elementor-widget-heading\" data-id=\"12cd6de\" data-element_type=\"widget\" data-widget_type=\"heading.default\">\n\t\t\t\t<div class=\"elementor-widget-container\">\n\t\t\t<h2 class=\"elementor-heading-title elementor-size-xl\">KEY EXPERTISE<\/h2>\t\t<\/div>\n\t\t\t\t<\/div>\n\t\t\t\t\t<\/div>\n\t\t<\/div>\n\t\t\t\t\t\t\t<\/div>\n\t\t<\/section>\n\t\t\t\t<section class=\"elementor-section elementor-top-section elementor-element elementor-element-848731e elementor-section-boxed elementor-section-height-default elementor-section-height-default\" data-id=\"848731e\" data-element_type=\"section\" data-settings=\"{&quot;background_background&quot;:&quot;classic&quot;}\" data-no-translation=\"\">\n\t\t\t\t\t\t<div class=\"elementor-container elementor-column-gap-default\">\n\t\t\t\t\t<div class=\"make-column-clickable-elementor elementor-column elementor-col-25 elementor-top-column elementor-element elementor-element-8d5e80a Home_SP1\" style=\"cursor: pointer;\" data-column-clickable=\"\/en\/leistungen#treuhander\" data-column-clickable-blank=\"_self\" data-id=\"8d5e80a\" data-element_type=\"column\" data-settings=\"{&quot;background_background&quot;:&quot;classic&quot;}\">\n\t\t\t<div class=\"elementor-widget-wrap elementor-element-populated\">\n\t\t\t\t\t\t\t\t<div class=\"elementor-element elementor-element-1d9e5ab elementor-widget elementor-widget-image\" data-id=\"1d9e5ab\" data-element_type=\"widget\" data-widget_type=\"image.default\">\n\t\t\t\t<div class=\"elementor-widget-container\">\n\t\t\t\t\t\t\t\t\t\t\t\t\t\t\t<img src=\"https:\/\/www.fidacta.com\/wp-content\/uploads\/elementor\/thumbs\/P1060807a-p5ymj8x91pcvwzknpabf8fxfdmm59ozpmpajuv7by0.jpg\" title=\"P1060807a\" alt=\"P1060807a\" \/>\t\t\t\t\t\t\t\t\t\t\t\t\t\t\t<\/div>\n\t\t\t\t<\/div>\n\t\t\t\t<div class=\"elementor-element elementor-element-25342aa elementor-widget elementor-widget-heading\" data-id=\"25342aa\" data-element_type=\"widget\" data-widget_type=\"heading.default\">\n\t\t\t\t<div class=\"elementor-widget-container\">\n\t\t\t<h2 class=\"elementor-heading-title elementor-size-default\">Actuarial Auditing<\/h2>\t\t<\/div>\n\t\t\t\t<\/div>\n\t\t\t\t<div class=\"elementor-element elementor-element-7564d67 elementor-widget elementor-widget-text-editor\" data-id=\"7564d67\" data-element_type=\"widget\" data-widget_type=\"text-editor.default\">\n\t\t\t\t<div class=\"elementor-widget-container\">\n\t\t\t\t\t\t\t<ul><li>Premium adjustments<\/li><li>Design of clauses<\/li><li>Review of actuarial calculations<\/li><\/ul>\t\t\t\t\t\t<\/div>\n\t\t\t\t<\/div>\n\t\t\t\t\t<\/div>\n\t\t<\/div>\n\t\t\t\t<div class=\"make-column-clickable-elementor elementor-column elementor-col-25 elementor-top-column elementor-element elementor-element-1f13a3e Home_SP1\" style=\"cursor: pointer;\" data-column-clickable=\"\/en\/leistungen#ifrs\" data-column-clickable-blank=\"_self\" data-id=\"1f13a3e\" data-element_type=\"column\" data-settings=\"{&quot;background_background&quot;:&quot;classic&quot;}\">\n\t\t\t<div class=\"elementor-widget-wrap elementor-element-populated\">\n\t\t\t\t\t\t\t\t<div class=\"elementor-element elementor-element-68c1d6c elementor-widget elementor-widget-image\" data-id=\"68c1d6c\" data-element_type=\"widget\" data-widget_type=\"image.default\">\n\t\t\t\t<div class=\"elementor-widget-container\">\n\t\t\t\t\t\t\t\t\t\t\t\t\t\t\t<img src=\"https:\/\/www.fidacta.com\/wp-content\/uploads\/elementor\/thumbs\/IMG_3081a-p5ymhivwimzymq2rrji1nvl0673x5o5fe68i6lrbco.jpg\" title=\"IMG_3081a\" alt=\"IMG_3081a\" \/>\t\t\t\t\t\t\t\t\t\t\t\t\t\t\t<\/div>\n\t\t\t\t<\/div>\n\t\t\t\t<div class=\"elementor-element elementor-element-5411c6c elementor-widget elementor-widget-heading\" data-id=\"5411c6c\" data-element_type=\"widget\" data-widget_type=\"heading.default\">\n\t\t\t\t<div class=\"elementor-widget-container\">\n\t\t\t<h2 class=\"elementor-heading-title elementor-size-default\">IFRS Advisory<\/h2>\t\t<\/div>\n\t\t\t\t<\/div>\n\t\t\t\t<div class=\"elementor-element elementor-element-917174c elementor-widget elementor-widget-text-editor\" data-id=\"917174c\" data-element_type=\"widget\" data-widget_type=\"text-editor.default\">\n\t\t\t\t<div class=\"elementor-widget-container\">\n\t\t\t\t\t\t\t<ul><li>IFRS technical opinions<\/li><li>IFRS financial statements<\/li><li>IFRS implementation<\/li><li>IFRS training<\/li><\/ul>\t\t\t\t\t\t<\/div>\n\t\t\t\t<\/div>\n\t\t\t\t\t<\/div>\n\t\t<\/div>\n\t\t\t\t<div class=\"make-column-clickable-elementor elementor-column elementor-col-25 elementor-top-column elementor-element elementor-element-f438b3f Home_SP1\" style=\"cursor: pointer;\" data-column-clickable=\"\/en\/leistungen#ubersetzung\" data-column-clickable-blank=\"_self\" data-id=\"f438b3f\" data-element_type=\"column\" data-settings=\"{&quot;background_background&quot;:&quot;classic&quot;}\">\n\t\t\t<div class=\"elementor-widget-wrap elementor-element-populated\">\n\t\t\t\t\t\t\t\t<div class=\"elementor-element elementor-element-dc96e39 elementor-widget elementor-widget-image\" data-id=\"dc96e39\" data-element_type=\"widget\" data-widget_type=\"image.default\">\n\t\t\t\t<div class=\"elementor-widget-container\">\n\t\t\t\t\t\t\t\t\t\t\t\t\t\t\t<img src=\"https:\/\/www.fidacta.com\/wp-content\/uploads\/elementor\/thumbs\/LT_U1-p59rk46ia1sn05nrsw0yvbt96om4gm9swt19w0txko.jpg\" title=\"LT_U1\" alt=\"LT_U1\" \/>\t\t\t\t\t\t\t\t\t\t\t\t\t\t\t<\/div>\n\t\t\t\t<\/div>\n\t\t\t\t<div class=\"elementor-element elementor-element-e377b7a elementor-widget elementor-widget-heading\" data-id=\"e377b7a\" data-element_type=\"widget\" data-widget_type=\"heading.default\">\n\t\t\t\t<div class=\"elementor-widget-container\">\n\t\t\t<h2 class=\"elementor-heading-title elementor-size-default\">Translation<\/h2>\t\t<\/div>\n\t\t\t\t<\/div>\n\t\t\t\t<div class=\"elementor-element elementor-element-7f92e01 elementor-widget elementor-widget-text-editor\" data-id=\"7f92e01\" data-element_type=\"widget\" data-widget_type=\"text-editor.default\">\n\t\t\t\t<div class=\"elementor-widget-container\">\n\t\t\t\t\t\t\t<ul><li style=\"text-align: left;\">Financial statements<\/li><li>Annual reports<\/li><li>Audit reports<\/li><li>GAAP conversion<\/li><li style=\"text-align: left;\">Accounting manuals<\/li><\/ul>\t\t\t\t\t\t<\/div>\n\t\t\t\t<\/div>\n\t\t\t\t\t<\/div>\n\t\t<\/div>\n\t\t\t\t<div class=\"make-column-clickable-elementor elementor-column elementor-col-25 elementor-top-column elementor-element elementor-element-cdcdf9d Home_SP1\" style=\"cursor: pointer;\" data-column-clickable=\"\/en\/leistungen#solvency\" data-column-clickable-blank=\"_self\" data-id=\"cdcdf9d\" data-element_type=\"column\" data-settings=\"{&quot;background_background&quot;:&quot;classic&quot;}\">\n\t\t\t<div class=\"elementor-widget-wrap elementor-element-populated\">\n\t\t\t\t\t\t\t\t<div class=\"elementor-element elementor-element-47ff303 elementor-widget elementor-widget-image\" data-id=\"47ff303\" data-element_type=\"widget\" data-widget_type=\"image.default\">\n\t\t\t\t<div class=\"elementor-widget-container\">\n\t\t\t\t\t\t\t\t\t\t\t\t\t\t\t<img src=\"https:\/\/www.fidacta.com\/wp-content\/uploads\/elementor\/thumbs\/20210330_180826-scaled-e1617186539876-p50v2ujifi58we6occbgr7ttokc70h4acmsha994c8.jpg\" title=\"20210330_180826\" alt=\"20210330_180826\" \/>\t\t\t\t\t\t\t\t\t\t\t\t\t\t\t<\/div>\n\t\t\t\t<\/div>\n\t\t\t\t<div class=\"elementor-element elementor-element-a86a1df elementor-widget elementor-widget-heading\" data-id=\"a86a1df\" data-element_type=\"widget\" data-widget_type=\"heading.default\">\n\t\t\t\t<div class=\"elementor-widget-container\">\n\t\t\t<h2 class=\"elementor-heading-title elementor-size-default\">Solvency II<\/h2>\t\t<\/div>\n\t\t\t\t<\/div>\n\t\t\t\t<div class=\"elementor-element elementor-element-fdeaa07 elementor-widget elementor-widget-text-editor\" data-id=\"fdeaa07\" data-element_type=\"widget\" data-widget_type=\"text-editor.default\">\n\t\t\t\t<div class=\"elementor-widget-container\">\n\t\t\t\t\t\t\t<ul><li>Review of technical provisions<\/li><li>System of governance<\/li><li>System of internal controls<\/li><li>Actuarial function<\/li><\/ul>\t\t\t\t\t\t<\/div>\n\t\t\t\t<\/div>\n\t\t\t\t\t<\/div>\n\t\t<\/div>\n\t\t\t\t\t\t\t<\/div>\n\t\t<\/section>\n\t\t\t\t<section class=\"elementor-section elementor-top-section elementor-element elementor-element-7da1314 elementor-reverse-tablet elementor-reverse-mobile elementor-section-boxed elementor-section-height-default elementor-section-height-default\" data-id=\"7da1314\" data-element_type=\"section\" data-settings=\"{&quot;background_background&quot;:&quot;classic&quot;}\">\n\t\t\t\t\t\t<div class=\"elementor-container elementor-column-gap-default\">\n\t\t\t\t\t<div class=\"elementor-column elementor-col-50 elementor-top-column elementor-element elementor-element-b656831\" data-id=\"b656831\" data-element_type=\"column\">\n\t\t\t<div class=\"elementor-widget-wrap elementor-element-populated\">\n\t\t\t\t\t\t\t\t<div class=\"elementor-element elementor-element-33a4fcc elementor-widget elementor-widget-text-editor\" data-id=\"33a4fcc\" data-element_type=\"widget\" data-widget_type=\"text-editor.default\">\n\t\t\t\t<div class=\"elementor-widget-container\">\n\t\t\t\t\t\t\t<h2><span style=\"color: #0000ff;\">\u00a0Further services<\/span><\/h2>\t\t\t\t\t\t<\/div>\n\t\t\t\t<\/div>\n\t\t\t\t<div class=\"elementor-element elementor-element-657b2f6 elementor-widget elementor-widget-text-editor\" data-id=\"657b2f6\" data-element_type=\"widget\" data-widget_type=\"text-editor.default\">\n\t\t\t\t<div class=\"elementor-widget-container\">\n\t\t\t\t\t\t\t<h3><a href=\"https:\/\/www.fidacta.com\/en\/leistungen\/#wdiks\">System of internal controls<\/a><br \/><br \/><a href=\"https:\/\/www.fidacta.com\/en\/leistungen\/#wdis\">Interim support<\/a><br \/><br \/><a href=\"https:\/\/www.fidacta.com\/en\/leistungen\/#wdsc\">Training<\/a><br \/><br \/><a href=\"https:\/\/www.fidacta.com\/en\/leistungen\/#wdka\">Preparing group reporting (IFRS and German GAAP)<\/a><br \/><br \/><a href=\"https:\/\/www.fidacta.com\/en\/leistungen\/#wdir\">Internal audit<\/a><\/h3>\t\t\t\t\t\t<\/div>\n\t\t\t\t<\/div>\n\t\t\t\t\t<\/div>\n\t\t<\/div>\n\t\t\t\t<div class=\"elementor-column elementor-col-50 elementor-top-column elementor-element elementor-element-2a95517\" data-id=\"2a95517\" data-element_type=\"column\">\n\t\t\t<div class=\"elementor-widget-wrap elementor-element-populated\">\n\t\t\t\t\t\t\t\t<div class=\"elementor-element elementor-element-9ee6889 elementor-widget elementor-widget-image\" data-id=\"9ee6889\" data-element_type=\"widget\" data-widget_type=\"image.default\">\n\t\t\t\t<div class=\"elementor-widget-container\">\n\t\t\t\t\t\t\t\t\t\t\t\t\t\t\t<img width=\"1024\" height=\"768\" src=\"https:\/\/www.fidacta.com\/wp-content\/uploads\/2021\/03\/IMG_8326-1024x768.jpg\" class=\"attachment-large size-large\" alt=\"\" loading=\"lazy\" srcset=\"https:\/\/www.fidacta.com\/wp-content\/uploads\/2021\/03\/IMG_8326-1024x768.jpg 1024w, https:\/\/www.fidacta.com\/wp-content\/uploads\/2021\/03\/IMG_8326-300x225.jpg 300w, https:\/\/www.fidacta.com\/wp-content\/uploads\/2021\/03\/IMG_8326-768x576.jpg 768w, https:\/\/www.fidacta.com\/wp-content\/uploads\/2021\/03\/IMG_8326-1536x1152.jpg 1536w, https:\/\/www.fidacta.com\/wp-content\/uploads\/2021\/03\/IMG_8326-2048x1536.jpg 2048w, https:\/\/www.fidacta.com\/wp-content\/uploads\/2021\/03\/IMG_8326-16x12.jpg 16w, https:\/\/www.fidacta.com\/wp-content\/uploads\/2021\/03\/IMG_8326-scaled-e1617196028355-150x113.jpg 150w, https:\/\/www.fidacta.com\/wp-content\/uploads\/2021\/03\/IMG_8326-scaled-e1617196028355-373x280.jpg 373w, https:\/\/www.fidacta.com\/wp-content\/uploads\/2021\/03\/IMG_8326-scaled-e1617196028355.jpg 640w\" sizes=\"(max-width: 1024px) 100vw, 1024px\" \/>\t\t\t\t\t\t\t\t\t\t\t\t\t\t\t<\/div>\n\t\t\t\t<\/div>\n\t\t\t\t\t<\/div>\n\t\t<\/div>\n\t\t\t\t\t\t\t<\/div>\n\t\t<\/section>\n\t\t\t\t<section class=\"elementor-section elementor-top-section elementor-element elementor-element-2003efe elementor-section-boxed elementor-section-height-default elementor-section-height-default\" data-id=\"2003efe\" data-element_type=\"section\" data-settings=\"{&quot;background_background&quot;:&quot;classic&quot;}\">\n\t\t\t\t\t\t<div class=\"elementor-container elementor-column-gap-default\">\n\t\t\t\t\t<div class=\"elementor-column elementor-col-50 elementor-top-column elementor-element elementor-element-c050ca7\" data-id=\"c050ca7\" data-element_type=\"column\">\n\t\t\t<div class=\"elementor-widget-wrap elementor-element-populated\">\n\t\t\t\t\t\t\t\t<div class=\"elementor-element elementor-element-af0e8f6 elementor-widget elementor-widget-image\" data-id=\"af0e8f6\" data-element_type=\"widget\" data-widget_type=\"image.default\">\n\t\t\t\t<div class=\"elementor-widget-container\">\n\t\t\t\t\t\t\t\t\t\t\t\t\t\t\t<img width=\"640\" height=\"480\" src=\"https:\/\/www.fidacta.com\/wp-content\/uploads\/2021\/08\/P1070313.jpg\" class=\"attachment-medium_large size-medium_large\" alt=\"\" loading=\"lazy\" srcset=\"https:\/\/www.fidacta.com\/wp-content\/uploads\/2021\/08\/P1070313.jpg 640w, https:\/\/www.fidacta.com\/wp-content\/uploads\/2021\/08\/P1070313-300x225.jpg 300w, https:\/\/www.fidacta.com\/wp-content\/uploads\/2021\/08\/P1070313-16x12.jpg 16w, https:\/\/www.fidacta.com\/wp-content\/uploads\/2021\/08\/P1070313-150x113.jpg 150w\" sizes=\"(max-width: 640px) 100vw, 640px\" \/>\t\t\t\t\t\t\t\t\t\t\t\t\t\t\t<\/div>\n\t\t\t\t<\/div>\n\t\t\t\t\t<\/div>\n\t\t<\/div>\n\t\t\t\t<div class=\"elementor-column elementor-col-50 elementor-top-column elementor-element elementor-element-38924d5\" data-id=\"38924d5\" data-element_type=\"column\">\n\t\t\t<div class=\"elementor-widget-wrap elementor-element-populated\">\n\t\t\t\t\t\t\t\t<section class=\"elementor-section elementor-inner-section elementor-element elementor-element-ec26d81 elementor-section-boxed elementor-section-height-default elementor-section-height-default\" data-id=\"ec26d81\" data-element_type=\"section\">\n\t\t\t\t\t\t<div class=\"elementor-container elementor-column-gap-default\">\n\t\t\t\t\t<div class=\"elementor-column elementor-col-33 elementor-inner-column elementor-element elementor-element-4559d1b\" data-id=\"4559d1b\" data-element_type=\"column\">\n\t\t\t<div class=\"elementor-widget-wrap elementor-element-populated\">\n\t\t\t\t\t\t\t\t<div class=\"elementor-element elementor-element-60cf286 elementor-widget elementor-widget-image\" data-id=\"60cf286\" data-element_type=\"widget\" data-widget_type=\"image.default\">\n\t\t\t\t<div class=\"elementor-widget-container\">\n\t\t\t\t\t\t\t\t\t\t\t\t\t\t\t\t<a href=\"https:\/\/www.fidacta.com\/en\/team\/#klem\">\n\t\t\t\t\t\t\t<img width=\"150\" height=\"150\" src=\"https:\/\/www.fidacta.com\/wp-content\/uploads\/2021\/08\/P1070390_med-e1644959866904-150x150.jpg\" class=\"elementor-animation-push attachment-thumbnail size-thumbnail\" alt=\"\" loading=\"lazy\" srcset=\"https:\/\/www.fidacta.com\/wp-content\/uploads\/2021\/08\/P1070390_med-e1644959866904-150x150.jpg 150w, https:\/\/www.fidacta.com\/wp-content\/uploads\/2021\/08\/P1070390_med-e1644959866904-11x12.jpg 11w\" sizes=\"(max-width: 150px) 100vw, 150px\" \/>\t\t\t\t\t\t\t\t<\/a>\n\t\t\t\t\t\t\t\t\t\t\t\t\t\t\t<\/div>\n\t\t\t\t<\/div>\n\t\t\t\t<div class=\"elementor-element elementor-element-833c995 elementor-widget elementor-widget-text-editor\" data-id=\"833c995\" data-element_type=\"widget\" data-widget_type=\"text-editor.default\">\n\t\t\t\t<div class=\"elementor-widget-container\">\n\t\t\t\t\t\t\t<strong>Prof. Dr. Martin Klem\n<\/strong><br>WP \/ FCCA \/ StB\t\t\t\t\t\t<\/div>\n\t\t\t\t<\/div>\n\t\t\t\t\t<\/div>\n\t\t<\/div>\n\t\t\t\t<div class=\"elementor-column elementor-col-33 elementor-inner-column elementor-element elementor-element-e1ec4d3\" data-id=\"e1ec4d3\" data-element_type=\"column\">\n\t\t\t<div class=\"elementor-widget-wrap elementor-element-populated\">\n\t\t\t\t\t\t\t\t<div class=\"elementor-element elementor-element-38d0f9f elementor-widget elementor-widget-image\" data-id=\"38d0f9f\" data-element_type=\"widget\" data-widget_type=\"image.default\">\n\t\t\t\t<div class=\"elementor-widget-container\">\n\t\t\t\t\t\t\t\t\t\t\t\t\t\t\t\t<a href=\"https:\/\/www.fidacta.com\/en\/team\/#hehmeyer\">\n\t\t\t\t\t\t\t<img src=\"https:\/\/www.fidacta.com\/wp-content\/uploads\/elementor\/thumbs\/P1070278-e1644960618739-pkkf11w3n6catqxay1u2iwqojkcyhurfig1qt8odp8.jpg\" title=\"P1070278\" alt=\"P1070278\" class=\"elementor-animation-push\" \/>\t\t\t\t\t\t\t\t<\/a>\n\t\t\t\t\t\t\t\t\t\t\t\t\t\t\t<\/div>\n\t\t\t\t<\/div>\n\t\t\t\t<div class=\"elementor-element elementor-element-38e073b elementor-widget elementor-widget-text-editor\" data-id=\"38e073b\" data-element_type=\"widget\" data-widget_type=\"text-editor.default\">\n\t\t\t\t<div class=\"elementor-widget-container\">\n\t\t\t\t\t\t\t<strong>Simone Hehmeyer\n<\/strong><br>WP \/ StB\t\t\t\t\t\t<\/div>\n\t\t\t\t<\/div>\n\t\t\t\t\t<\/div>\n\t\t<\/div>\n\t\t\t\t<div class=\"elementor-column elementor-col-33 elementor-inner-column elementor-element elementor-element-b32c906\" data-id=\"b32c906\" data-element_type=\"column\">\n\t\t\t<div class=\"elementor-widget-wrap elementor-element-populated\">\n\t\t\t\t\t\t\t\t<div class=\"elementor-element elementor-element-1763b2f elementor-widget elementor-widget-image\" data-id=\"1763b2f\" data-element_type=\"widget\" data-widget_type=\"image.default\">\n\t\t\t\t<div class=\"elementor-widget-container\">\n\t\t\t\t\t\t\t\t\t\t\t\t\t\t\t\t<a href=\"https:\/\/www.fidacta.com\/en\/team\/#husing\">\n\t\t\t\t\t\t\t<img src=\"https:\/\/www.fidacta.com\/wp-content\/uploads\/elementor\/thumbs\/Foto-HJU-II-sm-qv2h9jjku9y5mqeicdsn5bjcwwk8alsrcnjq3a4km4.jpg\" title=\"Foto HJU II sm\" alt=\"Foto HJU II sm\" class=\"elementor-animation-push\" \/>\t\t\t\t\t\t\t\t<\/a>\n\t\t\t\t\t\t\t\t\t\t\t\t\t\t\t<\/div>\n\t\t\t\t<\/div>\n\t\t\t\t<div class=\"elementor-element elementor-element-8a130e7 elementor-widget elementor-widget-text-editor\" data-id=\"8a130e7\" data-element_type=\"widget\" data-widget_type=\"text-editor.default\">\n\t\t\t\t<div class=\"elementor-widget-container\">\n\t\t\t\t\t\t\t<strong>Dr. J\u00f6rg H\u00fcsing<\/strong>\n<br \/>Aktuar DAV \/ IVS\t\t\t\t\t\t<\/div>\n\t\t\t\t<\/div>\n\t\t\t\t\t<\/div>\n\t\t<\/div>\n\t\t\t\t\t\t\t<\/div>\n\t\t<\/section>\n\t\t\t\t<section class=\"elementor-section elementor-inner-section elementor-element elementor-element-e68b699 elementor-section-boxed elementor-section-height-default elementor-section-height-default\" data-id=\"e68b699\" data-element_type=\"section\">\n\t\t\t\t\t\t<div class=\"elementor-container elementor-column-gap-default\">\n\t\t\t\t\t<div class=\"elementor-column elementor-col-33 elementor-inner-column elementor-element elementor-element-7939747\" data-id=\"7939747\" data-element_type=\"column\">\n\t\t\t<div class=\"elementor-widget-wrap elementor-element-populated\">\n\t\t\t\t\t\t\t\t<div class=\"elementor-element elementor-element-9a7bed9 elementor-widget elementor-widget-image\" data-id=\"9a7bed9\" data-element_type=\"widget\" data-widget_type=\"image.default\">\n\t\t\t\t<div class=\"elementor-widget-container\">\n\t\t\t\t\t\t\t\t\t\t\t\t\t\t\t\t<a href=\"https:\/\/www.fidacta.com\/en\/team\/#meibom\">\n\t\t\t\t\t\t\t<img width=\"150\" height=\"150\" src=\"https:\/\/www.fidacta.com\/wp-content\/uploads\/2022\/02\/P1070376_med-e1644959169708-150x150.jpg\" class=\"elementor-animation-push attachment-thumbnail size-thumbnail\" alt=\"\" loading=\"lazy\" \/>\t\t\t\t\t\t\t\t<\/a>\n\t\t\t\t\t\t\t\t\t\t\t\t\t\t\t<\/div>\n\t\t\t\t<\/div>\n\t\t\t\t<div class=\"elementor-element elementor-element-4c8799f elementor-widget elementor-widget-text-editor\" data-id=\"4c8799f\" data-element_type=\"widget\" data-widget_type=\"text-editor.default\">\n\t\t\t\t<div class=\"elementor-widget-container\">\n\t\t\t\t\t\t\t<strong>Susanne Meibom<\/strong>\n<br>WP \/ StB\t\t\t\t\t\t<\/div>\n\t\t\t\t<\/div>\n\t\t\t\t\t<\/div>\n\t\t<\/div>\n\t\t\t\t<div class=\"elementor-column elementor-col-33 elementor-inner-column elementor-element elementor-element-b67a393\" data-id=\"b67a393\" data-element_type=\"column\">\n\t\t\t<div class=\"elementor-widget-wrap elementor-element-populated\">\n\t\t\t\t\t\t\t\t<div class=\"elementor-element elementor-element-a87b34a elementor-widget elementor-widget-image\" data-id=\"a87b34a\" data-element_type=\"widget\" data-widget_type=\"image.default\">\n\t\t\t\t<div class=\"elementor-widget-container\">\n\t\t\t\t\t\t\t\t\t\t\t\t\t\t\t\t<a href=\"https:\/\/www.fidacta.com\/en\/team\/#horstmann\">\n\t\t\t\t\t\t\t<img width=\"150\" height=\"150\" src=\"https:\/\/www.fidacta.com\/wp-content\/uploads\/2021\/08\/P1070395_med-e1644959524611-150x150.jpg\" class=\"elementor-animation-push attachment-thumbnail size-thumbnail\" alt=\"\" loading=\"lazy\" srcset=\"https:\/\/www.fidacta.com\/wp-content\/uploads\/2021\/08\/P1070395_med-e1644959524611-150x150.jpg 150w, https:\/\/www.fidacta.com\/wp-content\/uploads\/2021\/08\/P1070395_med-e1644959524611-11x12.jpg 11w\" sizes=\"(max-width: 150px) 100vw, 150px\" \/>\t\t\t\t\t\t\t\t<\/a>\n\t\t\t\t\t\t\t\t\t\t\t\t\t\t\t<\/div>\n\t\t\t\t<\/div>\n\t\t\t\t<div class=\"elementor-element elementor-element-c33e16e elementor-widget elementor-widget-text-editor\" data-id=\"c33e16e\" data-element_type=\"widget\" data-widget_type=\"text-editor.default\">\n\t\t\t\t<div class=\"elementor-widget-container\">\n\t\t\t\t\t\t\t<strong>Heiko Horstmann<\/strong>\n<br>StB\t\t\t\t\t\t<\/div>\n\t\t\t\t<\/div>\n\t\t\t\t\t<\/div>\n\t\t<\/div>\n\t\t\t\t<div class=\"elementor-column elementor-col-33 elementor-inner-column elementor-element elementor-element-778fecf\" data-id=\"778fecf\" data-element_type=\"column\">\n\t\t\t<div class=\"elementor-widget-wrap elementor-element-populated\">\n\t\t\t\t\t\t\t\t<div class=\"elementor-element elementor-element-2d4e672 elementor-view-stacked elementor-shape-square elementor-widget elementor-widget-icon\" data-id=\"2d4e672\" data-element_type=\"widget\" data-widget_type=\"icon.default\">\n\t\t\t\t<div class=\"elementor-widget-container\">\n\t\t\t\t\t<div class=\"elementor-icon-wrapper\">\n\t\t\t<a class=\"elementor-icon elementor-animation-push\" href=\"https:\/\/www.fidacta.com\/en\/team\/#netzwerk\">\n\t\t\t<i aria-hidden=\"true\" class=\"fas fa-cogs\"><\/i>\t\t\t<\/a>\n\t\t<\/div>\n\t\t\t\t<\/div>\n\t\t\t\t<\/div>\n\t\t\t\t<div class=\"elementor-element elementor-element-b43a13a elementor-widget elementor-widget-text-editor\" data-id=\"b43a13a\" data-element_type=\"widget\" data-widget_type=\"text-editor.default\">\n\t\t\t\t<div class=\"elementor-widget-container\">\n\t\t\t\t\t\t\t<p style=\"text-align: center;\"><strong>Network partners<\/strong><\/p>\t\t\t\t\t\t<\/div>\n\t\t\t\t<\/div>\n\t\t\t\t\t<\/div>\n\t\t<\/div>\n\t\t\t\t\t\t\t<\/div>\n\t\t<\/section>\n\t\t\t\t\t<\/div>\n\t\t<\/div>\n\t\t\t\t\t\t\t<\/div>\n\t\t<\/section>\n\t\t\t\t\t\t\t<\/div>","protected":false},"excerpt":{"rendered":"<p>In der Fidacta arbeitet ein langj\u00e4hrig eingespieltes Team aus Aktuaren, Wirtschaftspr\u00fcfern und Fachkr\u00e4ften mit langj\u00e4hriger Berufserfahrung zusammen und kombiniert die St\u00e4rken der beiden Berufsst\u00e4nde zu Ihrem Vorteil. SCHWERPUNKTE Treuh\u00e4nderaufgaben Beitragsanpassungen Gestaltung von Klauseln Durchsicht von Kalkulationen IFRS Beratung IFRS Gutachten IFRS Abschl\u00fcsse IFRS Einf\u00fchrung IFRS Schulungen \u00dcbersetzungen Jahresabschl\u00fcsse Gesch\u00e4ftsberichte Pr\u00fcfungsberichte GAAP Konversion Bilanzierungshandb\u00fccher Solvency II [&hellip;]<\/p>","protected":false},"author":1,"featured_media":0,"parent":0,"menu_order":0,"comment_status":"closed","ping_status":"closed","template":"elementor_header_footer","meta":[],"_links":{"self":[{"href":"https:\/\/www.fidacta.com\/en\/wp-json\/wp\/v2\/pages\/18"}],"collection":[{"href":"https:\/\/www.fidacta.com\/en\/wp-json\/wp\/v2\/pages"}],"about":[{"href":"https:\/\/www.fidacta.com\/en\/wp-json\/wp\/v2\/types\/page"}],"author":[{"embeddable":true,"href":"https:\/\/www.fidacta.com\/en\/wp-json\/wp\/v2\/users\/1"}],"replies":[{"embeddable":true,"href":"https:\/\/www.fidacta.com\/en\/wp-json\/wp\/v2\/comments?post=18"}],"version-history":[{"count":598,"href":"https:\/\/www.fidacta.com\/en\/wp-json\/wp\/v2\/pages\/18\/revisions"}],"predecessor-version":[{"id":5338,"href":"https:\/\/www.fidacta.com\/en\/wp-json\/wp\/v2\/pages\/18\/revisions\/5338"}],"wp:attachment":[{"href":"https:\/\/www.fidacta.com\/en\/wp-json\/wp\/v2\/media?parent=18"}],"curies":[{"name":"wp","href":"https:\/\/api.w.org\/{rel}","templated":true}]}}