{"id":472,"date":"2021-03-30T18:48:04","date_gmt":"2021-03-30T16:48:04","guid":{"rendered":"https:\/\/www.fidacta.com\/?page_id=472"},"modified":"2024-12-06T18:19:46","modified_gmt":"2024-12-06T17:19:46","slug":"impressum","status":"publish","type":"page","link":"https:\/\/www.fidacta.com\/en\/impressum\/","title":{"rendered":"Legal notice"},"content":{"rendered":"<div data-elementor-type=\"wp-page\" data-elementor-id=\"472\" class=\"elementor elementor-472\">\n\t\t\t\t\t\t\t\t\t<section class=\"elementor-section elementor-top-section elementor-element elementor-element-d1600cd elementor-section-boxed elementor-section-height-default elementor-section-height-default\" data-id=\"d1600cd\" data-element_type=\"section\">\n\t\t\t\t\t\t<div class=\"elementor-container elementor-column-gap-default\">\n\t\t\t\t\t<div class=\"elementor-column elementor-col-100 elementor-top-column elementor-element elementor-element-0d2304e\" data-id=\"0d2304e\" data-element_type=\"column\">\n\t\t\t<div class=\"elementor-widget-wrap elementor-element-populated\">\n\t\t\t\t\t\t\t\t<div class=\"elementor-element elementor-element-a705abe elementor-widget elementor-widget-heading\" data-id=\"a705abe\" data-element_type=\"widget\" data-widget_type=\"heading.default\">\n\t\t\t\t<div class=\"elementor-widget-container\">\n\t\t\t<h2 class=\"elementor-heading-title elementor-size-default\">Legal notice<\/h2>\t\t<\/div>\n\t\t\t\t<\/div>\n\t\t\t\t\t<\/div>\n\t\t<\/div>\n\t\t\t\t\t\t\t<\/div>\n\t\t<\/section>\n\t\t\t\t<section class=\"elementor-section elementor-top-section elementor-element elementor-element-18142dd elementor-section-boxed elementor-section-height-default elementor-section-height-default\" data-id=\"18142dd\" data-element_type=\"section\">\n\t\t\t\t\t\t<div class=\"elementor-container elementor-column-gap-default\">\n\t\t\t\t\t<div class=\"elementor-column elementor-col-100 elementor-top-column elementor-element elementor-element-6820d10\" data-id=\"6820d10\" data-element_type=\"column\">\n\t\t\t<div class=\"elementor-widget-wrap elementor-element-populated\">\n\t\t\t\t\t\t\t\t<div class=\"elementor-element elementor-element-3e664d3 elementor-widget elementor-widget-text-editor\" data-id=\"3e664d3\" data-element_type=\"widget\" data-widget_type=\"text-editor.default\">\n\t\t\t\t<div class=\"elementor-widget-container\">\n\t\t\t\t\t\t\t<p>Disclosure pursuant to section 5 Telemediengesetz (TMG) [German Telemedia Act] and to sections 2 and 3 Dienstleistungs-Informationspflichten-Verordnung (DL-InfoV)[German by-law on information duties] and Section 18 para 2 Medienstaatsvertrag (MStV)[Interstate Agreement on Media]<\/p>\n<p><strong>Address<br><\/strong>Fidacta Treuhand GmbH Wirtschaftspr\u00fcfungsgesellschaft<br><img class=\"size-full wp-image-3315\" src=\"https:\/\/www.fidacta.com\/wp-content\/uploads\/2022\/03\/envelope-corners.png\" alt=\"\" width=\"13\" srcset=\"https:\/\/www.fidacta.com\/wp-content\/uploads\/2022\/03\/envelope-corners.png 32w, https:\/\/www.fidacta.com\/wp-content\/uploads\/2022\/03\/envelope-corners-12x12.png 12w\" sizes=\"(max-width: 32px) 100vw, 32px\" \/> Barenkrug 13, 22159 Hamburg<br>\u2706 +49 (0) 431 59076 03<br><img class=\"size-medium wp-image-3308\" src=\"https:\/\/www.fidacta.com\/wp-content\/uploads\/2022\/03\/opened-email-envelope-300x300.png\" alt=\"\" width=\"13\" srcset=\"https:\/\/www.fidacta.com\/wp-content\/uploads\/2022\/03\/opened-email-envelope-300x300.png 300w, https:\/\/www.fidacta.com\/wp-content\/uploads\/2022\/03\/opened-email-envelope-150x150.png 150w, https:\/\/www.fidacta.com\/wp-content\/uploads\/2022\/03\/opened-email-envelope-12x12.png 12w, https:\/\/www.fidacta.com\/wp-content\/uploads\/2022\/03\/opened-email-envelope.png 512w\" sizes=\"(max-width: 300px) 100vw, 300px\" \/> <span id=\"eeb-432387-693818\"><a href=\"mailto:F1PO@fidacta.de\" class=\"mail-link\">F1PO@fidacta.de<\/a><\/span><script type=\"text\/javascript\">(function(){var ml=\"-%fs.lt1CakdrPiAhe0mc2EFo4OD3n\",mi=\"1L891EB@<A21LK1EEC9>56H1L?G7=J1IB2>;9D694;A1EE1EBD59331LK1EEC9>505>M:1EE1LFG7=J1IB2>;9D694;A1L81EG91LF\",o=\"\";for(var j=0,l=mi.length;j<l;j++){o+=ml.charAt(mi.charCodeAt(j)-48);}document.getElementById(\"eeb-432387-693818\").innerHTML = decodeURIComponent(o);}());<\/script><noscript>*protected email*<\/noscript><\/p>\n<p><strong>Directors<br><\/strong>Prof. Dr. Martin Klem (Wirtschaftspr\u00fcfer, Steuerberater, <br>&nbsp;&nbsp;&nbsp;&nbsp;&nbsp;&nbsp;&nbsp;&nbsp;&nbsp;&nbsp;&nbsp;&nbsp;&nbsp;&nbsp;&nbsp;&nbsp;&nbsp;&nbsp;&nbsp;&nbsp;&nbsp;&nbsp;&nbsp;&nbsp;&nbsp;&nbsp;&nbsp;&nbsp;&nbsp;&nbsp;&nbsp;&nbsp;&nbsp; Chartered Certified Accountant)<br>Simone Hehmeyer (Wirtschaftspr\u00fcferin, Steuerberaterin)<\/p>\n<p><strong>Legal form<br><\/strong>Gesellschaft mit beschr\u00e4nkter Haftung [limited company]<br>Sitz: Hamburg<br>Handelsregister: Amtsgericht Hamburg HRB 189713<br>VAT-ID: DE257392132<\/p>\n<p>When this website or other publications state the term \"Fidacta\", this term refers to Fidacta Treuhand GmbH Wirtschaftspr\u00fcfungsgesellschaft.<\/p>\n<p><strong>Regulator\/supervisory authority<br><\/strong>Wirtschaftspr\u00fcferkammer [German Chamber of Registered Auditors]<br>K\u00f6rperschaft des \u00f6ffentlichen Rechts<br>Hauptgesch\u00e4ftsstelle [main office] Berlin<br>Rauchstra\u00dfe 26<br>10787 Berlin<br>Germany<\/p>\n<p>The legal terms Wirtschaftspr\u00fcfer [Registered Auditor], Steuerberater [Registered Tax Advisor] und Wirtschaftspr\u00fcfungsgesellschaft [Registered Audit Firm] have been awarded in the Bundesrepublik Deutschland [Federal Republic of Germany], the legal term Chartered Certified Accountant in the United Kingdom.<\/p>\n<p><strong>Professional regulations<\/strong><\/p>\n<ul>\n<li>Wirtschaftspr\u00fcferordnung (WPO) [Registered Auditors Act]<\/li>\n<li>Berufssatzung f\u00fcr Wirtschaftspr\u00fcfer\/vereidigte Buchpr\u00fcfer (BS WP\/vBP)<br>[by-law on registered auditors\/sworn auditors]<\/li>\n<li>Satzung f\u00fcr Qualit\u00e4tskontrolle [by-law on quality assurance]<\/li>\n<li>Siegelverordnung (SiegelVO) [by-law on seals]<\/li>\n<li>Wirtschaftspr\u00fcfer-Berufshaftpflichtversicherungsordnung (WPBHV)<br>[by-law on mandatory liability insurance for registered auditors]<\/li>\n<\/ul>\n<p>The latest version of the professional regulations can be found (in German language only) at the Wirtschaftspr\u00fcferkammer\u00b4s website <a href=\"http:\/\/www.wpk.de\/rechtsvorschriften\/\" target=\"_blank\" rel=\"noopener\">www.wpk.de\/rechtsvorschriften\/<\/a> .<\/p>\n<p><strong>Professional liability insurance<\/strong><\/p>\n<p>The professional liability insurance required by Sec. 54 WPO is provided by Markel Insurance SE, Sophienstra\u00dfe 26, 80333 Munich\/Germany. The scope of this insurance cover comprises a worldwide cover and satifies at least the requirements of Sec 54 Wirtschaftspr\u00fcferordnung (WPO) [Registered Auditors Act] together with the Verordnung \u00fcber die Berufshaftpflichtversicherung der Wirtschaftspr\u00fcfer und vereidigten Buchpr\u00fcfer (WPBHV) [by-law on mandatory liability insurance for registered auditors and sworn auditors].<\/p>\n<p><strong>Out of court dispute resolution<\/strong><\/p>\n<p>The European Commission provides a platform for online dispute resolution at <a href=\"http:\/\/www.ec.europa.eu\/consumers\/odr\" target=\"_blank\" rel=\"noopener\">www.ec.europa.eu\/consumers\/odr<\/a>\/. There is no requirement and no intention to participate in dispute resolution proceedings before a Verbraucherschlichtungsstelle [Consumer Arbitration Board].<\/p>\n<p><strong>Responsible person according to Sec 18 para 2 MStV<\/strong><\/p>\n<p>WP\/StB Simone Hehmeyer<br>Fidacta Treuhand GmbH<br>Wirtschaftspr\u00fcfungsgesellschaft<br>Barenkrug 13<br>22159 Hamburg<\/p>\n<p><strong>Liability and limitations<br><\/strong>The information contained in Fidacta`s website has been checked. Regardless of that, Fidacta makes no warranties concerning completeness and accuracy and up-to-dateness of this information.<\/p>\n<p>Fidacta is responsible for its own content of these sites according to the general principles of law. However, there is no liability arising from any content before Fidacta becomes aware of an actual breach of law. When such a breach of law becomes known, Fidacta will remove immediately that content concerned.<\/p>\n<p>The website of Fidacta contains links to external websites of third parties. Fidacta has no control over the content of these websites linked to. Consequently, Fidacta cannot assume any liability for such content. The provider or operator of such sites is solely responsible for the content of the websites linked to. At the point in time when the link was made, the content of the websites linked to had been checked for possible breaches of law. Non-compliant content was not detected at the point in time the link was made. However, without a specific indication of a breach of law, a continuous check of the websites linked to is not reasonable. When a breach of law becomes known, Fidacta will remove immediately the links concerned.<\/p>\n<p><strong>Copy right<\/strong><\/p>\n<p>All content generated and all work done by the site\u00b4s operator and contained within these sites are subject to German copyright laws and regulations. Copying, editing, reproducing, distributing and any other use outside the scope of copyright laws and regulations require the written consent by the respective author or originator. Downloads and copies of this site are only permitted for private, non-commercial use.<\/p>\n<p>If content of this site has not been generated by the operator, any copyright of third parties is honoured. In particular, any content of third parties has been identified. However, if you become aware of a copyright breach, please inform us. When a breach of law becomes known, we will remove immediately such content.<\/p>\n<p>This legal notice also applies to our XING presence.<\/p>\t\t\t\t\t\t<\/div>\n\t\t\t\t<\/div>\n\t\t\t\t\t<\/div>\n\t\t<\/div>\n\t\t\t\t\t\t\t<\/div>\n\t\t<\/section>\n\t\t\t\t\t\t\t<\/div>","protected":false},"excerpt":{"rendered":"<p>Impressum Angaben gem\u00e4\u00df \u00a7 5 Telemediengesetz (TMG) und \u00a7\u00a7 2,3 Dienstleistungs-Informationspflichten-Verordnung (DL-InfoV) sowie \u00a7 18 Abs. 2 Medienstaatsvertrag (MStV) AnschriftFidacta Treuhand GmbH Wirtschaftspr\u00fcfungsgesellschaft Barenkrug 13, 22159 Hamburg\u2706 +49 (0) 431 59076 03 F1PO@fidacta.de*protected email* Gesch\u00e4ftsf\u00fchrerProf. Dr. Martin Klem (Wirtschaftspr\u00fcfer, Steuerberater, &nbsp;&nbsp;&nbsp;&nbsp;&nbsp;&nbsp;&nbsp;&nbsp;&nbsp;&nbsp;&nbsp;&nbsp;&nbsp;&nbsp;&nbsp;&nbsp;&nbsp;&nbsp;&nbsp;&nbsp;&nbsp;&nbsp;&nbsp;&nbsp;&nbsp;&nbsp;&nbsp;&nbsp;&nbsp;&nbsp;&nbsp;&nbsp;&nbsp; Chartered Certified Accountant)Simone Hehmeyer (Wirtschaftspr\u00fcferin, Steuerberaterin) RechtsformGesellschaft mit beschr\u00e4nkter HaftungSitz: HamburgHandelsregister: Amtsgericht Hamburg HRB [&hellip;]<\/p>","protected":false},"author":1,"featured_media":0,"parent":0,"menu_order":0,"comment_status":"closed","ping_status":"closed","template":"","meta":[],"_links":{"self":[{"href":"https:\/\/www.fidacta.com\/en\/wp-json\/wp\/v2\/pages\/472"}],"collection":[{"href":"https:\/\/www.fidacta.com\/en\/wp-json\/wp\/v2\/pages"}],"about":[{"href":"https:\/\/www.fidacta.com\/en\/wp-json\/wp\/v2\/types\/page"}],"author":[{"embeddable":true,"href":"https:\/\/www.fidacta.com\/en\/wp-json\/wp\/v2\/users\/1"}],"replies":[{"embeddable":true,"href":"https:\/\/www.fidacta.com\/en\/wp-json\/wp\/v2\/comments?post=472"}],"version-history":[{"count":79,"href":"https:\/\/www.fidacta.com\/en\/wp-json\/wp\/v2\/pages\/472\/revisions"}],"predecessor-version":[{"id":5413,"href":"https:\/\/www.fidacta.com\/en\/wp-json\/wp\/v2\/pages\/472\/revisions\/5413"}],"wp:attachment":[{"href":"https:\/\/www.fidacta.com\/en\/wp-json\/wp\/v2\/media?parent=472"}],"curies":[{"name":"wp","href":"https:\/\/api.w.org\/{rel}","templated":true}]}}